{"id":67,"date":"2020-01-11T20:14:06","date_gmt":"2020-01-11T20:14:06","guid":{"rendered":"http:\/\/buendnis-hund.de\/?page_id=67"},"modified":"2020-02-08T12:21:42","modified_gmt":"2020-02-08T12:21:42","slug":"unvergessen","status":"publish","type":"page","link":"https:\/\/buendnis-hund.de\/?page_id=67","title":{"rendered":"Unvergessen"},"content":{"rendered":"<p>&nbsp;<\/p>\n<h5 style=\"text-align: center;\"><strong>Immer in meinem Herzen und unvergessen!<\/strong><\/h5>\n<p>&nbsp;<\/p>\n<p style=\"text-align: center;\">Mit meinen beiden geliebten M\u00e4dels, dem Collie-M\u00e4dchen &#8218;Cyra&#8216; und meiner Sch\u00e4fer-Maus &#8218;May&#8216;,<\/p>\n<p style=\"text-align: center;\">fing damals alles an und ich kann heute erf\u00fcllt und mit einem herzlichen L\u00e4cheln<\/p>\n<p style=\"text-align: center;\">an die wundersch\u00f6nen Erlebnisse und Erfahrungen der gemeinsamen Jahre zur\u00fcckdenken!<\/p>\n<p>&nbsp;<\/p>\n<p>&nbsp;<\/p>\n<h6><strong>Cyra \u2013 meine &#8218;P\u00fcppi&#8216;<\/strong><\/h6>\n<p>(geb. 02.04.2003 \u2013 \u2020 08.10.2013)<\/p>\n<p>&nbsp;<\/p>\n<p>Was soll ich sagen: Mein erster eigener Hund und einfach nur ein Schatz. Meine Prinzessin eben! Sie war so ein wunderbarer Collie, eine Agility-Grazie, ein Obedience-Clown mit eigenen Ideen, immer mit Spa\u00df dabei und vor allem stets bestens gelaunt.<\/p>\n<p>Mit ihrer charmanten Art konnte sie wirklich jeden gekonnt um den Finger wickeln und war jederzeit freundlich und offen. Ein wirklicher Traum von Hund!<\/p>\n<p>Ich bin dankbar f\u00fcr jeden einzelnen Moment unserer gemeinsamen Zeit und werde diesen besonderen Sonnenschein immer in meinem Herzen haben!<\/p>\n<p>&nbsp;<\/p>\n<p>&nbsp;<\/p>\n<h6><strong>May \u2013 mein &#8218;Maybele&#8216;<\/strong><\/h6>\n<p>(geb. 30.06.2005 \u2013 \u2020 14.01.2013)<\/p>\n<p>&nbsp;<\/p>\n<p>Im gesch\u00e4tzten Alter von ca. 5 Monaten und als Findelkind an einem Baum angebunden, fand meine May ihren Weg \u00fcber das Tierheim Donaueschingen zu uns. Heute kann ich nur sagen:<\/p>\n<p>Sie war definitiv mein Seelenhund \u2013 mein Schatten und immer unaufgefordert an meiner Seite!<\/p>\n<p>May war f\u00fcr wirklich alles und jeden Mist zu haben \u2013 ob nun Bl\u00f6dsinn auf dem Spaziergang oder konzentriertes Arbeiten im Hundesport. Sie war ein begeisterter \u201aSchaffer\u2018 und kontinuierlich mit vollem Eifer bei der Sache.<\/p>\n<p>Egal was wir gemeinsam machten, sie gab immer zuverl\u00e4ssig 100 %. Besonders viel Spa\u00df hatten wir beim Obedience, dem THS und dem Longieren. Viele unvergessene Momente \u2013 die ich tief und fest in meinem Herzen trage.<\/p>\n<p>Ich bin so unglaublich dankbar, dass ich eine solch tiefe und innige Verbindung wie ich sie zu meiner May hatte, erleben durfte. Jeder der uns kannte, wei\u00df gerade genau was ich damit meine. Sie wird endlos meine Gedanken und meine Erinnerungen begleiten!<\/p>\n<p>&nbsp;<\/p>\n<p>&nbsp;<\/p>\n<h6><strong>Unser Familienhund &#8218;Susi Tiffy&#8216;<\/strong><\/h6>\n<p>&nbsp;<\/p>\n<p>Fast 17 lange und treue Jahre hat uns unsere Susi in der Familie begleitet und f\u00fcr viele sch\u00f6ne Erinnerungen gesorgt. Auch sie wird unvergessen in all unseren Herzen bleiben.<\/p>\n<p>&nbsp;<\/p>\n<p style=\"text-align: center;\">_________________________________________________________________________________________________<\/p>\n<p>&nbsp;<\/p>\n","protected":false},"excerpt":{"rendered":"<p>&nbsp; Immer in meinem Herzen und unvergessen! &nbsp; Mit meinen beiden geliebten M\u00e4dels, dem Collie-M\u00e4dchen &#8218;Cyra&#8216; und meiner Sch\u00e4fer-Maus &#8218;May&#8216;, fing damals alles an und ich kann heute erf\u00fcllt und mit einem herzlichen L\u00e4cheln an die wundersch\u00f6nen Erlebnisse und Erfahrungen der gemeinsamen Jahre zur\u00fcckdenken! &nbsp; &nbsp; Cyra \u2013 meine &#8218;P\u00fcppi&#8216; (geb. 02.04.2003 \u2013 \u2020 08.10.2013) &nbsp; Was soll ich sagen: Mein erster eigener Hund und einfach nur ein Schatz. Meine Prinzessin eben! Sie war so ein wunderbarer Collie, eine Agility-Grazie, ein Obedience-Clown mit eigenen Ideen, immer mit Spa\u00df dabei und vor allem stets bestens gelaunt. Mit ihrer charmanten Art konnte sie wirklich jeden gekonnt um den Finger wickeln und war jederzeit freundlich und offen. Ein wirklicher Traum von Hund! Ich bin dankbar f\u00fcr jeden einzelnen Moment unserer gemeinsamen Zeit und werde diesen besonderen Sonnenschein immer in meinem Herzen haben! &nbsp; &nbsp; May \u2013 mein &#8218;Maybele&#8216; (geb. 30.06.2005 \u2013 \u2020 14.01.2013) &nbsp; Im gesch\u00e4tzten Alter von ca. 5 Monaten und als Findelkind an einem Baum angebunden, fand meine May ihren Weg \u00fcber das Tierheim Donaueschingen zu uns. Heute kann ich nur sagen: Sie war definitiv mein Seelenhund \u2013 mein Schatten und immer unaufgefordert an meiner Seite! May war f\u00fcr wirklich alles und jeden Mist zu haben \u2013 ob nun Bl\u00f6dsinn auf dem Spaziergang oder konzentriertes Arbeiten im Hundesport. Sie war ein begeisterter \u201aSchaffer\u2018 und kontinuierlich mit vollem Eifer bei der Sache. Egal was wir gemeinsam machten, sie gab immer zuverl\u00e4ssig 100 %. Besonders viel Spa\u00df hatten wir beim Obedience, dem THS und dem Longieren. Viele unvergessene Momente \u2013 die ich tief und fest in meinem Herzen trage. Ich bin so unglaublich dankbar, dass ich eine solch tiefe und innige Verbindung wie ich sie zu meiner May hatte, erleben durfte. Jeder der uns kannte, wei\u00df gerade genau was ich damit meine. Sie wird endlos meine Gedanken und meine Erinnerungen begleiten! &nbsp; &nbsp; Unser Familienhund &#8218;Susi Tiffy&#8216; &nbsp; Fast 17 lange und treue Jahre hat uns unsere Susi in der Familie begleitet und f\u00fcr viele sch\u00f6ne Erinnerungen gesorgt. Auch sie wird unvergessen in all unseren Herzen bleiben. &nbsp; _________________________________________________________________________________________________ &nbsp;<\/p>\n","protected":false},"author":1,"featured_media":0,"parent":0,"menu_order":0,"comment_status":"closed","ping_status":"closed","template":"","meta":{"footnotes":""},"yoast_head":"<!-- This site is optimized with the Yoast SEO plugin v21.9.1 - https:\/\/yoast.com\/wordpress\/plugins\/seo\/ -->\n<title>Unvergessen - B\u00fcndnis Hund<\/title>\n<meta name=\"robots\" content=\"index, follow, max-snippet:-1, max-image-preview:large, max-video-preview:-1\" \/>\n<link rel=\"canonical\" href=\"https:\/\/buendnis-hund.de\/?page_id=67\" \/>\n<meta property=\"og:locale\" content=\"de_DE\" \/>\n<meta property=\"og:type\" content=\"article\" \/>\n<meta property=\"og:title\" content=\"Unvergessen - B\u00fcndnis Hund\" \/>\n<meta property=\"og:description\" content=\"&nbsp; Immer in meinem Herzen und unvergessen! &nbsp; Mit meinen beiden geliebten M\u00e4dels, dem Collie-M\u00e4dchen &#8218;Cyra&#8216; und meiner Sch\u00e4fer-Maus &#8218;May&#8216;, fing damals alles an und ich kann heute erf\u00fcllt und mit einem herzlichen L\u00e4cheln an die wundersch\u00f6nen Erlebnisse und Erfahrungen der gemeinsamen Jahre zur\u00fcckdenken! &nbsp; &nbsp; Cyra \u2013 meine &#8218;P\u00fcppi&#8216; (geb. 02.04.2003 \u2013 \u2020 08.10.2013) &nbsp; Was soll ich sagen: Mein erster eigener Hund und einfach nur ein Schatz. Meine Prinzessin eben! Sie war so ein wunderbarer Collie, eine Agility-Grazie, ein Obedience-Clown mit eigenen Ideen, immer mit Spa\u00df dabei und vor allem stets bestens gelaunt. Mit ihrer charmanten Art konnte sie wirklich jeden gekonnt um den Finger wickeln und war jederzeit freundlich und offen. Ein wirklicher Traum von Hund! Ich bin dankbar f\u00fcr jeden einzelnen Moment unserer gemeinsamen Zeit und werde diesen besonderen Sonnenschein immer in meinem Herzen haben! &nbsp; &nbsp; May \u2013 mein &#8218;Maybele&#8216; (geb. 30.06.2005 \u2013 \u2020 14.01.2013) &nbsp; Im gesch\u00e4tzten Alter von ca. 5 Monaten und als Findelkind an einem Baum angebunden, fand meine May ihren Weg \u00fcber das Tierheim Donaueschingen zu uns. Heute kann ich nur sagen: Sie war definitiv mein Seelenhund \u2013 mein Schatten und immer unaufgefordert an meiner Seite! May war f\u00fcr wirklich alles und jeden Mist zu haben \u2013 ob nun Bl\u00f6dsinn auf dem Spaziergang oder konzentriertes Arbeiten im Hundesport. Sie war ein begeisterter \u201aSchaffer\u2018 und kontinuierlich mit vollem Eifer bei der Sache. Egal was wir gemeinsam machten, sie gab immer zuverl\u00e4ssig 100 %. Besonders viel Spa\u00df hatten wir beim Obedience, dem THS und dem Longieren. Viele unvergessene Momente \u2013 die ich tief und fest in meinem Herzen trage. Ich bin so unglaublich dankbar, dass ich eine solch tiefe und innige Verbindung wie ich sie zu meiner May hatte, erleben durfte. Jeder der uns kannte, wei\u00df gerade genau was ich damit meine. Sie wird endlos meine Gedanken und meine Erinnerungen begleiten! &nbsp; &nbsp; Unser Familienhund &#8218;Susi Tiffy&#8216; &nbsp; Fast 17 lange und treue Jahre hat uns unsere Susi in der Familie begleitet und f\u00fcr viele sch\u00f6ne Erinnerungen gesorgt. Auch sie wird unvergessen in all unseren Herzen bleiben. &nbsp; _________________________________________________________________________________________________ &nbsp;\" \/>\n<meta property=\"og:url\" content=\"https:\/\/buendnis-hund.de\/?page_id=67\" \/>\n<meta property=\"og:site_name\" content=\"B\u00fcndnis Hund\" \/>\n<meta property=\"article:modified_time\" content=\"2020-02-08T12:21:42+00:00\" \/>\n<meta name=\"twitter:card\" content=\"summary_large_image\" \/>\n<meta name=\"twitter:label1\" content=\"Gesch\u00e4tzte Lesezeit\" \/>\n\t<meta name=\"twitter:data1\" content=\"2\u00a0Minuten\" \/>\n<script type=\"application\/ld+json\" class=\"yoast-schema-graph\">{\"@context\":\"https:\/\/schema.org\",\"@graph\":[{\"@type\":\"WebPage\",\"@id\":\"https:\/\/buendnis-hund.de\/?page_id=67\",\"url\":\"https:\/\/buendnis-hund.de\/?page_id=67\",\"name\":\"Unvergessen - B\u00fcndnis Hund\",\"isPartOf\":{\"@id\":\"https:\/\/buendnis-hund.de\/#website\"},\"datePublished\":\"2020-01-11T20:14:06+00:00\",\"dateModified\":\"2020-02-08T12:21:42+00:00\",\"breadcrumb\":{\"@id\":\"https:\/\/buendnis-hund.de\/?page_id=67#breadcrumb\"},\"inLanguage\":\"de\",\"potentialAction\":[{\"@type\":\"ReadAction\",\"target\":[\"https:\/\/buendnis-hund.de\/?page_id=67\"]}]},{\"@type\":\"BreadcrumbList\",\"@id\":\"https:\/\/buendnis-hund.de\/?page_id=67#breadcrumb\",\"itemListElement\":[{\"@type\":\"ListItem\",\"position\":1,\"name\":\"Startseite\",\"item\":\"https:\/\/buendnis-hund.de\/\"},{\"@type\":\"ListItem\",\"position\":2,\"name\":\"Unvergessen\"}]},{\"@type\":\"WebSite\",\"@id\":\"https:\/\/buendnis-hund.de\/#website\",\"url\":\"https:\/\/buendnis-hund.de\/\",\"name\":\"B\u00fcndnis Hund\",\"description\":\"\",\"potentialAction\":[{\"@type\":\"SearchAction\",\"target\":{\"@type\":\"EntryPoint\",\"urlTemplate\":\"https:\/\/buendnis-hund.de\/?s={search_term_string}\"},\"query-input\":\"required name=search_term_string\"}],\"inLanguage\":\"de\"}]}<\/script>\n<!-- \/ Yoast SEO plugin. -->","yoast_head_json":{"title":"Unvergessen - B\u00fcndnis Hund","robots":{"index":"index","follow":"follow","max-snippet":"max-snippet:-1","max-image-preview":"max-image-preview:large","max-video-preview":"max-video-preview:-1"},"canonical":"https:\/\/buendnis-hund.de\/?page_id=67","og_locale":"de_DE","og_type":"article","og_title":"Unvergessen - B\u00fcndnis Hund","og_description":"&nbsp; Immer in meinem Herzen und unvergessen! &nbsp; Mit meinen beiden geliebten M\u00e4dels, dem Collie-M\u00e4dchen &#8218;Cyra&#8216; und meiner Sch\u00e4fer-Maus &#8218;May&#8216;, fing damals alles an und ich kann heute erf\u00fcllt und mit einem herzlichen L\u00e4cheln an die wundersch\u00f6nen Erlebnisse und Erfahrungen der gemeinsamen Jahre zur\u00fcckdenken! &nbsp; &nbsp; Cyra \u2013 meine &#8218;P\u00fcppi&#8216; (geb. 02.04.2003 \u2013 \u2020 08.10.2013) &nbsp; Was soll ich sagen: Mein erster eigener Hund und einfach nur ein Schatz. Meine Prinzessin eben! Sie war so ein wunderbarer Collie, eine Agility-Grazie, ein Obedience-Clown mit eigenen Ideen, immer mit Spa\u00df dabei und vor allem stets bestens gelaunt. Mit ihrer charmanten Art konnte sie wirklich jeden gekonnt um den Finger wickeln und war jederzeit freundlich und offen. Ein wirklicher Traum von Hund! Ich bin dankbar f\u00fcr jeden einzelnen Moment unserer gemeinsamen Zeit und werde diesen besonderen Sonnenschein immer in meinem Herzen haben! &nbsp; &nbsp; May \u2013 mein &#8218;Maybele&#8216; (geb. 30.06.2005 \u2013 \u2020 14.01.2013) &nbsp; Im gesch\u00e4tzten Alter von ca. 5 Monaten und als Findelkind an einem Baum angebunden, fand meine May ihren Weg \u00fcber das Tierheim Donaueschingen zu uns. Heute kann ich nur sagen: Sie war definitiv mein Seelenhund \u2013 mein Schatten und immer unaufgefordert an meiner Seite! May war f\u00fcr wirklich alles und jeden Mist zu haben \u2013 ob nun Bl\u00f6dsinn auf dem Spaziergang oder konzentriertes Arbeiten im Hundesport. Sie war ein begeisterter \u201aSchaffer\u2018 und kontinuierlich mit vollem Eifer bei der Sache. Egal was wir gemeinsam machten, sie gab immer zuverl\u00e4ssig 100 %. Besonders viel Spa\u00df hatten wir beim Obedience, dem THS und dem Longieren. Viele unvergessene Momente \u2013 die ich tief und fest in meinem Herzen trage. Ich bin so unglaublich dankbar, dass ich eine solch tiefe und innige Verbindung wie ich sie zu meiner May hatte, erleben durfte. Jeder der uns kannte, wei\u00df gerade genau was ich damit meine. Sie wird endlos meine Gedanken und meine Erinnerungen begleiten! &nbsp; &nbsp; Unser Familienhund &#8218;Susi Tiffy&#8216; &nbsp; Fast 17 lange und treue Jahre hat uns unsere Susi in der Familie begleitet und f\u00fcr viele sch\u00f6ne Erinnerungen gesorgt. Auch sie wird unvergessen in all unseren Herzen bleiben. &nbsp; _________________________________________________________________________________________________ &nbsp;","og_url":"https:\/\/buendnis-hund.de\/?page_id=67","og_site_name":"B\u00fcndnis Hund","article_modified_time":"2020-02-08T12:21:42+00:00","twitter_card":"summary_large_image","twitter_misc":{"Gesch\u00e4tzte Lesezeit":"2\u00a0Minuten"},"schema":{"@context":"https:\/\/schema.org","@graph":[{"@type":"WebPage","@id":"https:\/\/buendnis-hund.de\/?page_id=67","url":"https:\/\/buendnis-hund.de\/?page_id=67","name":"Unvergessen - B\u00fcndnis Hund","isPartOf":{"@id":"https:\/\/buendnis-hund.de\/#website"},"datePublished":"2020-01-11T20:14:06+00:00","dateModified":"2020-02-08T12:21:42+00:00","breadcrumb":{"@id":"https:\/\/buendnis-hund.de\/?page_id=67#breadcrumb"},"inLanguage":"de","potentialAction":[{"@type":"ReadAction","target":["https:\/\/buendnis-hund.de\/?page_id=67"]}]},{"@type":"BreadcrumbList","@id":"https:\/\/buendnis-hund.de\/?page_id=67#breadcrumb","itemListElement":[{"@type":"ListItem","position":1,"name":"Startseite","item":"https:\/\/buendnis-hund.de\/"},{"@type":"ListItem","position":2,"name":"Unvergessen"}]},{"@type":"WebSite","@id":"https:\/\/buendnis-hund.de\/#website","url":"https:\/\/buendnis-hund.de\/","name":"B\u00fcndnis Hund","description":"","potentialAction":[{"@type":"SearchAction","target":{"@type":"EntryPoint","urlTemplate":"https:\/\/buendnis-hund.de\/?s={search_term_string}"},"query-input":"required name=search_term_string"}],"inLanguage":"de"}]}},"acf":[],"_links":{"self":[{"href":"https:\/\/buendnis-hund.de\/index.php?rest_route=\/wp\/v2\/pages\/67"}],"collection":[{"href":"https:\/\/buendnis-hund.de\/index.php?rest_route=\/wp\/v2\/pages"}],"about":[{"href":"https:\/\/buendnis-hund.de\/index.php?rest_route=\/wp\/v2\/types\/page"}],"author":[{"embeddable":true,"href":"https:\/\/buendnis-hund.de\/index.php?rest_route=\/wp\/v2\/users\/1"}],"replies":[{"embeddable":true,"href":"https:\/\/buendnis-hund.de\/index.php?rest_route=%2Fwp%2Fv2%2Fcomments&post=67"}],"version-history":[{"count":14,"href":"https:\/\/buendnis-hund.de\/index.php?rest_route=\/wp\/v2\/pages\/67\/revisions"}],"predecessor-version":[{"id":1325,"href":"https:\/\/buendnis-hund.de\/index.php?rest_route=\/wp\/v2\/pages\/67\/revisions\/1325"}],"wp:attachment":[{"href":"https:\/\/buendnis-hund.de\/index.php?rest_route=%2Fwp%2Fv2%2Fmedia&parent=67"}],"curies":[{"name":"wp","href":"https:\/\/api.w.org\/{rel}","templated":true}]}}