{"id":66,"date":"2020-01-11T20:14:06","date_gmt":"2020-01-11T20:14:06","guid":{"rendered":"http:\/\/buendnis-hund.de\/?page_id=66"},"modified":"2020-02-09T11:30:09","modified_gmt":"2020-02-09T11:30:09","slug":"mein-pferd","status":"publish","type":"page","link":"https:\/\/buendnis-hund.de\/?page_id=66","title":{"rendered":"Mein Pferd"},"content":{"rendered":"<p>&nbsp;<\/p>\n<p><strong>Santiago<\/strong> lernte ich im Jahr 2011 als Reitbeteiligung\u00a0kennen, <img loading=\"lazy\" decoding=\"async\" class=\"wp-image-372 alignleft\" src=\"http:\/\/buendnis-hund.de\/wp-content\/uploads\/2020\/01\/IMG_1127-217x300.jpg\" alt=\"\" width=\"323\" height=\"446\" srcset=\"https:\/\/buendnis-hund.de\/wp-content\/uploads\/2020\/01\/IMG_1127-217x300.jpg 217w, https:\/\/buendnis-hund.de\/wp-content\/uploads\/2020\/01\/IMG_1127.jpg 631w\" sizes=\"(max-width: 323px) 100vw, 323px\" \/>bevor er dann Ende 2012 mein eigenes Pferd\u00a0wurde. Unsere gemeinsamen Anf\u00e4nge waren durch\u00a0sein Temperament und seine Energie als Vollblutaraber\u00a0nicht immer ganz leicht und auch wir haben uns erst\u00a0einmal als\u00a0Team finden m\u00fcssen.<\/p>\n<p>Mittlerweile ist mein sonniger Bub &#8211; daher sein Spitzname &#8218;Sunny&#8216; &#8211; ein richtiges Verlasspferd und macht einfach nur Spa\u00df und Freude. Ich wollte ihn keinen Tag mehr in meinem Leben missen!<\/p>\n<p>Nat\u00fcrlich denke ich manchmal noch schmunzelnd<br \/>\nan die schwierigen Ausritte mit einem sehr hibbeligen, t\u00e4nzelnden und Gespenster sehenden Pferd unter meinem Hintern zur\u00fcck.<\/p>\n<p>Allerdings sind diese Zeiten \u2013 bis auf ganz wenige kleine Ausnahmen \u2013 definitiv vorbei und wir k\u00f6nnen unsere gemeinsame Zeit, ob bei entspannten Ausritten, Spazierg\u00e4ngen, etwas Arbeit auf dem Platz oder eben nur bei Schmuseeinheiten und etwas Bl\u00f6dsinn, sehr genie\u00dfen.<\/p>\n<p>Ich bin stolz, dass wir uns in den letzten\u00a0Jahren mit viel Zeit und\u00a0Geduld eine so verl\u00e4ssliche Basis erarbeiten konnten\u00a0und mir mein Sunny heute so viele kleine und gro\u00dfe Vertrauensmomente schenkt.<\/p>\n<p style=\"text-align: center;\">Auch als Co-Trainer kam er schon des \u00d6fteren zum Einsatz, wenn es um Begegnungstraining &#8218;Hund und Pferd&#8216; ging.<\/p>\n<p>&nbsp;<\/p>\n<p style=\"text-align: center;\">____________________________________________________________________________________________________________<\/p>\n<p>&nbsp;<\/p>\n","protected":false},"excerpt":{"rendered":"<p>&nbsp; Santiago lernte ich im Jahr 2011 als Reitbeteiligung\u00a0kennen, bevor er dann Ende 2012 mein eigenes Pferd\u00a0wurde. Unsere gemeinsamen Anf\u00e4nge waren durch\u00a0sein Temperament und seine Energie als Vollblutaraber\u00a0nicht immer ganz leicht und auch wir haben uns erst\u00a0einmal als\u00a0Team finden m\u00fcssen. Mittlerweile ist mein sonniger Bub &#8211; daher sein Spitzname &#8218;Sunny&#8216; &#8211; ein richtiges Verlasspferd und macht einfach nur Spa\u00df und Freude. Ich wollte ihn keinen Tag mehr in meinem Leben missen! Nat\u00fcrlich denke ich manchmal noch schmunzelnd an die schwierigen Ausritte mit einem sehr hibbeligen, t\u00e4nzelnden und Gespenster sehenden Pferd unter meinem Hintern zur\u00fcck. Allerdings sind diese Zeiten \u2013 bis auf ganz wenige kleine Ausnahmen \u2013 definitiv vorbei und wir k\u00f6nnen unsere gemeinsame Zeit, ob bei entspannten Ausritten, Spazierg\u00e4ngen, etwas Arbeit auf dem Platz oder eben nur bei Schmuseeinheiten und etwas Bl\u00f6dsinn, sehr genie\u00dfen. Ich bin stolz, dass wir uns in den letzten\u00a0Jahren mit viel Zeit und\u00a0Geduld eine so verl\u00e4ssliche Basis erarbeiten konnten\u00a0und mir mein Sunny heute so viele kleine und gro\u00dfe Vertrauensmomente schenkt. Auch als Co-Trainer kam er schon des \u00d6fteren zum Einsatz, wenn es um Begegnungstraining &#8218;Hund und Pferd&#8216; ging. &nbsp; ____________________________________________________________________________________________________________ &nbsp;<\/p>\n","protected":false},"author":1,"featured_media":0,"parent":0,"menu_order":0,"comment_status":"closed","ping_status":"closed","template":"","meta":{"footnotes":""},"yoast_head":"<!-- This site is optimized with the Yoast SEO plugin v21.9.1 - https:\/\/yoast.com\/wordpress\/plugins\/seo\/ -->\n<title>Mein Pferd - B\u00fcndnis Hund<\/title>\n<meta name=\"robots\" content=\"index, follow, max-snippet:-1, max-image-preview:large, max-video-preview:-1\" \/>\n<link rel=\"canonical\" href=\"https:\/\/buendnis-hund.de\/?page_id=66\" \/>\n<meta property=\"og:locale\" content=\"de_DE\" \/>\n<meta property=\"og:type\" content=\"article\" \/>\n<meta property=\"og:title\" content=\"Mein Pferd - B\u00fcndnis Hund\" \/>\n<meta property=\"og:description\" content=\"&nbsp; Santiago lernte ich im Jahr 2011 als Reitbeteiligung\u00a0kennen, bevor er dann Ende 2012 mein eigenes Pferd\u00a0wurde. Unsere gemeinsamen Anf\u00e4nge waren durch\u00a0sein Temperament und seine Energie als Vollblutaraber\u00a0nicht immer ganz leicht und auch wir haben uns erst\u00a0einmal als\u00a0Team finden m\u00fcssen. Mittlerweile ist mein sonniger Bub &#8211; daher sein Spitzname &#8218;Sunny&#8216; &#8211; ein richtiges Verlasspferd und macht einfach nur Spa\u00df und Freude. Ich wollte ihn keinen Tag mehr in meinem Leben missen! Nat\u00fcrlich denke ich manchmal noch schmunzelnd an die schwierigen Ausritte mit einem sehr hibbeligen, t\u00e4nzelnden und Gespenster sehenden Pferd unter meinem Hintern zur\u00fcck. Allerdings sind diese Zeiten \u2013 bis auf ganz wenige kleine Ausnahmen \u2013 definitiv vorbei und wir k\u00f6nnen unsere gemeinsame Zeit, ob bei entspannten Ausritten, Spazierg\u00e4ngen, etwas Arbeit auf dem Platz oder eben nur bei Schmuseeinheiten und etwas Bl\u00f6dsinn, sehr genie\u00dfen. Ich bin stolz, dass wir uns in den letzten\u00a0Jahren mit viel Zeit und\u00a0Geduld eine so verl\u00e4ssliche Basis erarbeiten konnten\u00a0und mir mein Sunny heute so viele kleine und gro\u00dfe Vertrauensmomente schenkt. Auch als Co-Trainer kam er schon des \u00d6fteren zum Einsatz, wenn es um Begegnungstraining &#8218;Hund und Pferd&#8216; ging. &nbsp; ____________________________________________________________________________________________________________ &nbsp;\" \/>\n<meta property=\"og:url\" content=\"https:\/\/buendnis-hund.de\/?page_id=66\" \/>\n<meta property=\"og:site_name\" content=\"B\u00fcndnis Hund\" \/>\n<meta property=\"article:modified_time\" content=\"2020-02-09T11:30:09+00:00\" \/>\n<meta property=\"og:image\" content=\"http:\/\/buendnis-hund.de\/wp-content\/uploads\/2020\/01\/IMG_1127-217x300.jpg\" \/>\n<meta name=\"twitter:card\" content=\"summary_large_image\" \/>\n<meta name=\"twitter:label1\" content=\"Gesch\u00e4tzte Lesezeit\" \/>\n\t<meta name=\"twitter:data1\" content=\"1\u00a0Minute\" \/>\n<script type=\"application\/ld+json\" class=\"yoast-schema-graph\">{\"@context\":\"https:\/\/schema.org\",\"@graph\":[{\"@type\":\"WebPage\",\"@id\":\"https:\/\/buendnis-hund.de\/?page_id=66\",\"url\":\"https:\/\/buendnis-hund.de\/?page_id=66\",\"name\":\"Mein Pferd - B\u00fcndnis Hund\",\"isPartOf\":{\"@id\":\"https:\/\/buendnis-hund.de\/#website\"},\"datePublished\":\"2020-01-11T20:14:06+00:00\",\"dateModified\":\"2020-02-09T11:30:09+00:00\",\"breadcrumb\":{\"@id\":\"https:\/\/buendnis-hund.de\/?page_id=66#breadcrumb\"},\"inLanguage\":\"de\",\"potentialAction\":[{\"@type\":\"ReadAction\",\"target\":[\"https:\/\/buendnis-hund.de\/?page_id=66\"]}]},{\"@type\":\"BreadcrumbList\",\"@id\":\"https:\/\/buendnis-hund.de\/?page_id=66#breadcrumb\",\"itemListElement\":[{\"@type\":\"ListItem\",\"position\":1,\"name\":\"Startseite\",\"item\":\"https:\/\/buendnis-hund.de\/\"},{\"@type\":\"ListItem\",\"position\":2,\"name\":\"Mein Pferd\"}]},{\"@type\":\"WebSite\",\"@id\":\"https:\/\/buendnis-hund.de\/#website\",\"url\":\"https:\/\/buendnis-hund.de\/\",\"name\":\"B\u00fcndnis Hund\",\"description\":\"\",\"potentialAction\":[{\"@type\":\"SearchAction\",\"target\":{\"@type\":\"EntryPoint\",\"urlTemplate\":\"https:\/\/buendnis-hund.de\/?s={search_term_string}\"},\"query-input\":\"required name=search_term_string\"}],\"inLanguage\":\"de\"}]}<\/script>\n<!-- \/ Yoast SEO plugin. -->","yoast_head_json":{"title":"Mein Pferd - B\u00fcndnis Hund","robots":{"index":"index","follow":"follow","max-snippet":"max-snippet:-1","max-image-preview":"max-image-preview:large","max-video-preview":"max-video-preview:-1"},"canonical":"https:\/\/buendnis-hund.de\/?page_id=66","og_locale":"de_DE","og_type":"article","og_title":"Mein Pferd - B\u00fcndnis Hund","og_description":"&nbsp; Santiago lernte ich im Jahr 2011 als Reitbeteiligung\u00a0kennen, bevor er dann Ende 2012 mein eigenes Pferd\u00a0wurde. Unsere gemeinsamen Anf\u00e4nge waren durch\u00a0sein Temperament und seine Energie als Vollblutaraber\u00a0nicht immer ganz leicht und auch wir haben uns erst\u00a0einmal als\u00a0Team finden m\u00fcssen. Mittlerweile ist mein sonniger Bub &#8211; daher sein Spitzname &#8218;Sunny&#8216; &#8211; ein richtiges Verlasspferd und macht einfach nur Spa\u00df und Freude. Ich wollte ihn keinen Tag mehr in meinem Leben missen! Nat\u00fcrlich denke ich manchmal noch schmunzelnd an die schwierigen Ausritte mit einem sehr hibbeligen, t\u00e4nzelnden und Gespenster sehenden Pferd unter meinem Hintern zur\u00fcck. Allerdings sind diese Zeiten \u2013 bis auf ganz wenige kleine Ausnahmen \u2013 definitiv vorbei und wir k\u00f6nnen unsere gemeinsame Zeit, ob bei entspannten Ausritten, Spazierg\u00e4ngen, etwas Arbeit auf dem Platz oder eben nur bei Schmuseeinheiten und etwas Bl\u00f6dsinn, sehr genie\u00dfen. Ich bin stolz, dass wir uns in den letzten\u00a0Jahren mit viel Zeit und\u00a0Geduld eine so verl\u00e4ssliche Basis erarbeiten konnten\u00a0und mir mein Sunny heute so viele kleine und gro\u00dfe Vertrauensmomente schenkt. Auch als Co-Trainer kam er schon des \u00d6fteren zum Einsatz, wenn es um Begegnungstraining &#8218;Hund und Pferd&#8216; ging. &nbsp; ____________________________________________________________________________________________________________ &nbsp;","og_url":"https:\/\/buendnis-hund.de\/?page_id=66","og_site_name":"B\u00fcndnis Hund","article_modified_time":"2020-02-09T11:30:09+00:00","og_image":[{"url":"http:\/\/buendnis-hund.de\/wp-content\/uploads\/2020\/01\/IMG_1127-217x300.jpg"}],"twitter_card":"summary_large_image","twitter_misc":{"Gesch\u00e4tzte Lesezeit":"1\u00a0Minute"},"schema":{"@context":"https:\/\/schema.org","@graph":[{"@type":"WebPage","@id":"https:\/\/buendnis-hund.de\/?page_id=66","url":"https:\/\/buendnis-hund.de\/?page_id=66","name":"Mein Pferd - B\u00fcndnis Hund","isPartOf":{"@id":"https:\/\/buendnis-hund.de\/#website"},"datePublished":"2020-01-11T20:14:06+00:00","dateModified":"2020-02-09T11:30:09+00:00","breadcrumb":{"@id":"https:\/\/buendnis-hund.de\/?page_id=66#breadcrumb"},"inLanguage":"de","potentialAction":[{"@type":"ReadAction","target":["https:\/\/buendnis-hund.de\/?page_id=66"]}]},{"@type":"BreadcrumbList","@id":"https:\/\/buendnis-hund.de\/?page_id=66#breadcrumb","itemListElement":[{"@type":"ListItem","position":1,"name":"Startseite","item":"https:\/\/buendnis-hund.de\/"},{"@type":"ListItem","position":2,"name":"Mein Pferd"}]},{"@type":"WebSite","@id":"https:\/\/buendnis-hund.de\/#website","url":"https:\/\/buendnis-hund.de\/","name":"B\u00fcndnis Hund","description":"","potentialAction":[{"@type":"SearchAction","target":{"@type":"EntryPoint","urlTemplate":"https:\/\/buendnis-hund.de\/?s={search_term_string}"},"query-input":"required name=search_term_string"}],"inLanguage":"de"}]}},"acf":[],"_links":{"self":[{"href":"https:\/\/buendnis-hund.de\/index.php?rest_route=\/wp\/v2\/pages\/66"}],"collection":[{"href":"https:\/\/buendnis-hund.de\/index.php?rest_route=\/wp\/v2\/pages"}],"about":[{"href":"https:\/\/buendnis-hund.de\/index.php?rest_route=\/wp\/v2\/types\/page"}],"author":[{"embeddable":true,"href":"https:\/\/buendnis-hund.de\/index.php?rest_route=\/wp\/v2\/users\/1"}],"replies":[{"embeddable":true,"href":"https:\/\/buendnis-hund.de\/index.php?rest_route=%2Fwp%2Fv2%2Fcomments&post=66"}],"version-history":[{"count":263,"href":"https:\/\/buendnis-hund.de\/index.php?rest_route=\/wp\/v2\/pages\/66\/revisions"}],"predecessor-version":[{"id":1336,"href":"https:\/\/buendnis-hund.de\/index.php?rest_route=\/wp\/v2\/pages\/66\/revisions\/1336"}],"wp:attachment":[{"href":"https:\/\/buendnis-hund.de\/index.php?rest_route=%2Fwp%2Fv2%2Fmedia&parent=66"}],"curies":[{"name":"wp","href":"https:\/\/api.w.org\/{rel}","templated":true}]}}