{"id":59,"date":"2020-01-11T20:11:04","date_gmt":"2020-01-11T20:11:04","guid":{"rendered":"http:\/\/buendnis-hund.de\/?page_id=59"},"modified":"2020-02-09T11:37:32","modified_gmt":"2020-02-09T11:37:32","slug":"kontakt-2","status":"publish","type":"page","link":"https:\/\/buendnis-hund.de\/?page_id=59","title":{"rendered":"Kontakt"},"content":{"rendered":"<p>&nbsp;<\/p>\n<p style=\"text-align: center;\">Wenn Sie Fragen haben,\u00a0ein Training oder eine Veranstaltung besuchen m\u00f6chten,<\/p>\n<p style=\"text-align: center;\">dann nehmen Sie bitte ganz unverbindlich Kontakt mit mir auf:<\/p>\n<p>&nbsp;<\/p>\n<h6 style=\"text-align: center;\"><strong>B\u00fcndnis Hund<img loading=\"lazy\" decoding=\"async\" class=\" wp-image-379 alignright\" src=\"http:\/\/buendnis-hund.de\/wp-content\/uploads\/2020\/01\/Strand-Kontakt-300x229.jpg\" alt=\"\" width=\"475\" height=\"362\" srcset=\"https:\/\/buendnis-hund.de\/wp-content\/uploads\/2020\/01\/Strand-Kontakt-300x229.jpg 300w, https:\/\/buendnis-hund.de\/wp-content\/uploads\/2020\/01\/Strand-Kontakt-768x586.jpg 768w, https:\/\/buendnis-hund.de\/wp-content\/uploads\/2020\/01\/Strand-Kontakt.jpg 899w\" sizes=\"(max-width: 475px) 100vw, 475px\" \/><\/strong><\/h6>\n<p style=\"text-align: center;\">Marion Freund-Babojelic<br \/>\nKirch\u00e4cker 7<br \/>\n78073 Bad D\u00fcrrheim<\/p>\n<p>&nbsp;<\/p>\n<p style=\"text-align: center;\">Tel.: 0176 \/ 34648554<\/p>\n<p style=\"text-align: center;\">E-Mail:\u00a0info@buendnis-hund.de<\/p>\n<p style=\"text-align: center;\">www.Buendnis-Hund.de<\/p>\n<p>&nbsp;<\/p>\n<h6><\/h6>\n<p>&nbsp;<\/p>\n<p style=\"text-align: center;\"><strong>Ich w\u00fcrde mich freuen,\u00a0<\/strong><strong>Sie und Ihren Hund bald pers\u00f6nlich kennenzulernen!<\/strong><\/p>\n<p>&nbsp;<\/p>\n","protected":false},"excerpt":{"rendered":"<p>&nbsp; Wenn Sie Fragen haben,\u00a0ein Training oder eine Veranstaltung besuchen m\u00f6chten, dann nehmen Sie bitte ganz unverbindlich Kontakt mit mir auf: &nbsp; B\u00fcndnis Hund Marion Freund-Babojelic Kirch\u00e4cker 7 78073 Bad D\u00fcrrheim &nbsp; Tel.: 0176 \/ 34648554 E-Mail:\u00a0info@buendnis-hund.de www.Buendnis-Hund.de &nbsp; &nbsp; Ich w\u00fcrde mich freuen,\u00a0Sie und Ihren Hund bald pers\u00f6nlich kennenzulernen! &nbsp;<\/p>\n","protected":false},"author":1,"featured_media":0,"parent":0,"menu_order":0,"comment_status":"closed","ping_status":"closed","template":"","meta":{"footnotes":""},"yoast_head":"<!-- This site is optimized with the Yoast SEO plugin v21.9.1 - https:\/\/yoast.com\/wordpress\/plugins\/seo\/ -->\n<title>Kontakt - B\u00fcndnis Hund<\/title>\n<meta name=\"robots\" content=\"index, follow, max-snippet:-1, max-image-preview:large, max-video-preview:-1\" \/>\n<link rel=\"canonical\" href=\"https:\/\/buendnis-hund.de\/?page_id=59\" \/>\n<meta property=\"og:locale\" content=\"de_DE\" \/>\n<meta property=\"og:type\" content=\"article\" \/>\n<meta property=\"og:title\" content=\"Kontakt - B\u00fcndnis Hund\" \/>\n<meta property=\"og:description\" content=\"&nbsp; Wenn Sie Fragen haben,\u00a0ein Training oder eine Veranstaltung besuchen m\u00f6chten, dann nehmen Sie bitte ganz unverbindlich Kontakt mit mir auf: &nbsp; B\u00fcndnis Hund Marion Freund-Babojelic Kirch\u00e4cker 7 78073 Bad D\u00fcrrheim &nbsp; Tel.: 0176 \/ 34648554 E-Mail:\u00a0info@buendnis-hund.de www.Buendnis-Hund.de &nbsp; &nbsp; Ich w\u00fcrde mich freuen,\u00a0Sie und Ihren Hund bald pers\u00f6nlich kennenzulernen! &nbsp;\" \/>\n<meta property=\"og:url\" content=\"https:\/\/buendnis-hund.de\/?page_id=59\" \/>\n<meta property=\"og:site_name\" content=\"B\u00fcndnis Hund\" \/>\n<meta property=\"article:modified_time\" content=\"2020-02-09T11:37:32+00:00\" \/>\n<meta property=\"og:image\" content=\"http:\/\/buendnis-hund.de\/wp-content\/uploads\/2020\/01\/Strand-Kontakt-300x229.jpg\" \/>\n<meta name=\"twitter:card\" content=\"summary_large_image\" \/>\n<script type=\"application\/ld+json\" class=\"yoast-schema-graph\">{\"@context\":\"https:\/\/schema.org\",\"@graph\":[{\"@type\":\"WebPage\",\"@id\":\"https:\/\/buendnis-hund.de\/?page_id=59\",\"url\":\"https:\/\/buendnis-hund.de\/?page_id=59\",\"name\":\"Kontakt - B\u00fcndnis Hund\",\"isPartOf\":{\"@id\":\"https:\/\/buendnis-hund.de\/#website\"},\"datePublished\":\"2020-01-11T20:11:04+00:00\",\"dateModified\":\"2020-02-09T11:37:32+00:00\",\"breadcrumb\":{\"@id\":\"https:\/\/buendnis-hund.de\/?page_id=59#breadcrumb\"},\"inLanguage\":\"de\",\"potentialAction\":[{\"@type\":\"ReadAction\",\"target\":[\"https:\/\/buendnis-hund.de\/?page_id=59\"]}]},{\"@type\":\"BreadcrumbList\",\"@id\":\"https:\/\/buendnis-hund.de\/?page_id=59#breadcrumb\",\"itemListElement\":[{\"@type\":\"ListItem\",\"position\":1,\"name\":\"Startseite\",\"item\":\"https:\/\/buendnis-hund.de\/\"},{\"@type\":\"ListItem\",\"position\":2,\"name\":\"Kontakt\"}]},{\"@type\":\"WebSite\",\"@id\":\"https:\/\/buendnis-hund.de\/#website\",\"url\":\"https:\/\/buendnis-hund.de\/\",\"name\":\"B\u00fcndnis Hund\",\"description\":\"\",\"potentialAction\":[{\"@type\":\"SearchAction\",\"target\":{\"@type\":\"EntryPoint\",\"urlTemplate\":\"https:\/\/buendnis-hund.de\/?s={search_term_string}\"},\"query-input\":\"required name=search_term_string\"}],\"inLanguage\":\"de\"}]}<\/script>\n<!-- \/ Yoast SEO plugin. -->","yoast_head_json":{"title":"Kontakt - B\u00fcndnis Hund","robots":{"index":"index","follow":"follow","max-snippet":"max-snippet:-1","max-image-preview":"max-image-preview:large","max-video-preview":"max-video-preview:-1"},"canonical":"https:\/\/buendnis-hund.de\/?page_id=59","og_locale":"de_DE","og_type":"article","og_title":"Kontakt - B\u00fcndnis Hund","og_description":"&nbsp; Wenn Sie Fragen haben,\u00a0ein Training oder eine Veranstaltung besuchen m\u00f6chten, dann nehmen Sie bitte ganz unverbindlich Kontakt mit mir auf: &nbsp; B\u00fcndnis Hund Marion Freund-Babojelic Kirch\u00e4cker 7 78073 Bad D\u00fcrrheim &nbsp; Tel.: 0176 \/ 34648554 E-Mail:\u00a0info@buendnis-hund.de www.Buendnis-Hund.de &nbsp; &nbsp; Ich w\u00fcrde mich freuen,\u00a0Sie und Ihren Hund bald pers\u00f6nlich kennenzulernen! &nbsp;","og_url":"https:\/\/buendnis-hund.de\/?page_id=59","og_site_name":"B\u00fcndnis Hund","article_modified_time":"2020-02-09T11:37:32+00:00","og_image":[{"url":"http:\/\/buendnis-hund.de\/wp-content\/uploads\/2020\/01\/Strand-Kontakt-300x229.jpg"}],"twitter_card":"summary_large_image","schema":{"@context":"https:\/\/schema.org","@graph":[{"@type":"WebPage","@id":"https:\/\/buendnis-hund.de\/?page_id=59","url":"https:\/\/buendnis-hund.de\/?page_id=59","name":"Kontakt - B\u00fcndnis Hund","isPartOf":{"@id":"https:\/\/buendnis-hund.de\/#website"},"datePublished":"2020-01-11T20:11:04+00:00","dateModified":"2020-02-09T11:37:32+00:00","breadcrumb":{"@id":"https:\/\/buendnis-hund.de\/?page_id=59#breadcrumb"},"inLanguage":"de","potentialAction":[{"@type":"ReadAction","target":["https:\/\/buendnis-hund.de\/?page_id=59"]}]},{"@type":"BreadcrumbList","@id":"https:\/\/buendnis-hund.de\/?page_id=59#breadcrumb","itemListElement":[{"@type":"ListItem","position":1,"name":"Startseite","item":"https:\/\/buendnis-hund.de\/"},{"@type":"ListItem","position":2,"name":"Kontakt"}]},{"@type":"WebSite","@id":"https:\/\/buendnis-hund.de\/#website","url":"https:\/\/buendnis-hund.de\/","name":"B\u00fcndnis Hund","description":"","potentialAction":[{"@type":"SearchAction","target":{"@type":"EntryPoint","urlTemplate":"https:\/\/buendnis-hund.de\/?s={search_term_string}"},"query-input":"required name=search_term_string"}],"inLanguage":"de"}]}},"acf":[],"_links":{"self":[{"href":"https:\/\/buendnis-hund.de\/index.php?rest_route=\/wp\/v2\/pages\/59"}],"collection":[{"href":"https:\/\/buendnis-hund.de\/index.php?rest_route=\/wp\/v2\/pages"}],"about":[{"href":"https:\/\/buendnis-hund.de\/index.php?rest_route=\/wp\/v2\/types\/page"}],"author":[{"embeddable":true,"href":"https:\/\/buendnis-hund.de\/index.php?rest_route=\/wp\/v2\/users\/1"}],"replies":[{"embeddable":true,"href":"https:\/\/buendnis-hund.de\/index.php?rest_route=%2Fwp%2Fv2%2Fcomments&post=59"}],"version-history":[{"count":37,"href":"https:\/\/buendnis-hund.de\/index.php?rest_route=\/wp\/v2\/pages\/59\/revisions"}],"predecessor-version":[{"id":1343,"href":"https:\/\/buendnis-hund.de\/index.php?rest_route=\/wp\/v2\/pages\/59\/revisions\/1343"}],"wp:attachment":[{"href":"https:\/\/buendnis-hund.de\/index.php?rest_route=%2Fwp%2Fv2%2Fmedia&parent=59"}],"curies":[{"name":"wp","href":"https:\/\/api.w.org\/{rel}","templated":true}]}}