{"id":42,"date":"2020-01-11T20:08:40","date_gmt":"2020-01-11T20:08:40","guid":{"rendered":"http:\/\/buendnis-hund.de\/?page_id=42"},"modified":"2020-05-14T19:09:55","modified_gmt":"2020-05-14T19:09:55","slug":"seminare","status":"publish","type":"page","link":"https:\/\/buendnis-hund.de\/?page_id=42","title":{"rendered":"Seminare"},"content":{"rendered":"<p>&nbsp;<\/p>\n<p style=\"text-align: center;\"><em><strong>Die n\u00e4chsten Seminare werden hier in K\u00fcrze bekanntgegeben!<\/strong><\/em><\/p>\n<p style=\"text-align: center;\">\n<p>&nbsp;<\/p>\n<p style=\"text-align: center;\">________________________________________________________________________________________________<\/p>\n<p>&nbsp;<\/p>\n","protected":false},"excerpt":{"rendered":"<p>&nbsp; Die n\u00e4chsten Seminare werden hier in K\u00fcrze bekanntgegeben! &nbsp; ________________________________________________________________________________________________ &nbsp;<\/p>\n","protected":false},"author":1,"featured_media":0,"parent":0,"menu_order":0,"comment_status":"closed","ping_status":"closed","template":"","meta":{"footnotes":""},"yoast_head":"<!-- This site is optimized with the Yoast SEO plugin v21.9.1 - https:\/\/yoast.com\/wordpress\/plugins\/seo\/ -->\n<title>Seminare - B\u00fcndnis Hund<\/title>\n<meta name=\"robots\" content=\"index, follow, max-snippet:-1, max-image-preview:large, max-video-preview:-1\" \/>\n<link rel=\"canonical\" href=\"https:\/\/buendnis-hund.de\/?page_id=42\" \/>\n<meta property=\"og:locale\" content=\"de_DE\" \/>\n<meta property=\"og:type\" content=\"article\" \/>\n<meta property=\"og:title\" content=\"Seminare - B\u00fcndnis Hund\" \/>\n<meta property=\"og:description\" content=\"&nbsp; Die n\u00e4chsten Seminare werden hier in K\u00fcrze bekanntgegeben! &nbsp; ________________________________________________________________________________________________ &nbsp;\" \/>\n<meta property=\"og:url\" content=\"https:\/\/buendnis-hund.de\/?page_id=42\" \/>\n<meta property=\"og:site_name\" content=\"B\u00fcndnis Hund\" \/>\n<meta property=\"article:modified_time\" content=\"2020-05-14T19:09:55+00:00\" \/>\n<meta name=\"twitter:card\" content=\"summary_large_image\" \/>\n<script type=\"application\/ld+json\" class=\"yoast-schema-graph\">{\"@context\":\"https:\/\/schema.org\",\"@graph\":[{\"@type\":\"WebPage\",\"@id\":\"https:\/\/buendnis-hund.de\/?page_id=42\",\"url\":\"https:\/\/buendnis-hund.de\/?page_id=42\",\"name\":\"Seminare - B\u00fcndnis Hund\",\"isPartOf\":{\"@id\":\"https:\/\/buendnis-hund.de\/#website\"},\"datePublished\":\"2020-01-11T20:08:40+00:00\",\"dateModified\":\"2020-05-14T19:09:55+00:00\",\"breadcrumb\":{\"@id\":\"https:\/\/buendnis-hund.de\/?page_id=42#breadcrumb\"},\"inLanguage\":\"de\",\"potentialAction\":[{\"@type\":\"ReadAction\",\"target\":[\"https:\/\/buendnis-hund.de\/?page_id=42\"]}]},{\"@type\":\"BreadcrumbList\",\"@id\":\"https:\/\/buendnis-hund.de\/?page_id=42#breadcrumb\",\"itemListElement\":[{\"@type\":\"ListItem\",\"position\":1,\"name\":\"Startseite\",\"item\":\"https:\/\/buendnis-hund.de\/\"},{\"@type\":\"ListItem\",\"position\":2,\"name\":\"Seminare\"}]},{\"@type\":\"WebSite\",\"@id\":\"https:\/\/buendnis-hund.de\/#website\",\"url\":\"https:\/\/buendnis-hund.de\/\",\"name\":\"B\u00fcndnis Hund\",\"description\":\"\",\"potentialAction\":[{\"@type\":\"SearchAction\",\"target\":{\"@type\":\"EntryPoint\",\"urlTemplate\":\"https:\/\/buendnis-hund.de\/?s={search_term_string}\"},\"query-input\":\"required name=search_term_string\"}],\"inLanguage\":\"de\"}]}<\/script>\n<!-- \/ Yoast SEO plugin. -->","yoast_head_json":{"title":"Seminare - B\u00fcndnis Hund","robots":{"index":"index","follow":"follow","max-snippet":"max-snippet:-1","max-image-preview":"max-image-preview:large","max-video-preview":"max-video-preview:-1"},"canonical":"https:\/\/buendnis-hund.de\/?page_id=42","og_locale":"de_DE","og_type":"article","og_title":"Seminare - B\u00fcndnis Hund","og_description":"&nbsp; Die n\u00e4chsten Seminare werden hier in K\u00fcrze bekanntgegeben! &nbsp; ________________________________________________________________________________________________ &nbsp;","og_url":"https:\/\/buendnis-hund.de\/?page_id=42","og_site_name":"B\u00fcndnis Hund","article_modified_time":"2020-05-14T19:09:55+00:00","twitter_card":"summary_large_image","schema":{"@context":"https:\/\/schema.org","@graph":[{"@type":"WebPage","@id":"https:\/\/buendnis-hund.de\/?page_id=42","url":"https:\/\/buendnis-hund.de\/?page_id=42","name":"Seminare - B\u00fcndnis Hund","isPartOf":{"@id":"https:\/\/buendnis-hund.de\/#website"},"datePublished":"2020-01-11T20:08:40+00:00","dateModified":"2020-05-14T19:09:55+00:00","breadcrumb":{"@id":"https:\/\/buendnis-hund.de\/?page_id=42#breadcrumb"},"inLanguage":"de","potentialAction":[{"@type":"ReadAction","target":["https:\/\/buendnis-hund.de\/?page_id=42"]}]},{"@type":"BreadcrumbList","@id":"https:\/\/buendnis-hund.de\/?page_id=42#breadcrumb","itemListElement":[{"@type":"ListItem","position":1,"name":"Startseite","item":"https:\/\/buendnis-hund.de\/"},{"@type":"ListItem","position":2,"name":"Seminare"}]},{"@type":"WebSite","@id":"https:\/\/buendnis-hund.de\/#website","url":"https:\/\/buendnis-hund.de\/","name":"B\u00fcndnis Hund","description":"","potentialAction":[{"@type":"SearchAction","target":{"@type":"EntryPoint","urlTemplate":"https:\/\/buendnis-hund.de\/?s={search_term_string}"},"query-input":"required name=search_term_string"}],"inLanguage":"de"}]}},"acf":[],"_links":{"self":[{"href":"https:\/\/buendnis-hund.de\/index.php?rest_route=\/wp\/v2\/pages\/42"}],"collection":[{"href":"https:\/\/buendnis-hund.de\/index.php?rest_route=\/wp\/v2\/pages"}],"about":[{"href":"https:\/\/buendnis-hund.de\/index.php?rest_route=\/wp\/v2\/types\/page"}],"author":[{"embeddable":true,"href":"https:\/\/buendnis-hund.de\/index.php?rest_route=\/wp\/v2\/users\/1"}],"replies":[{"embeddable":true,"href":"https:\/\/buendnis-hund.de\/index.php?rest_route=%2Fwp%2Fv2%2Fcomments&post=42"}],"version-history":[{"count":20,"href":"https:\/\/buendnis-hund.de\/index.php?rest_route=\/wp\/v2\/pages\/42\/revisions"}],"predecessor-version":[{"id":2079,"href":"https:\/\/buendnis-hund.de\/index.php?rest_route=\/wp\/v2\/pages\/42\/revisions\/2079"}],"wp:attachment":[{"href":"https:\/\/buendnis-hund.de\/index.php?rest_route=%2Fwp%2Fv2%2Fmedia&parent=42"}],"curies":[{"name":"wp","href":"https:\/\/api.w.org\/{rel}","templated":true}]}}