{"id":26,"date":"2020-01-11T20:02:09","date_gmt":"2020-01-11T20:02:09","guid":{"rendered":"http:\/\/buendnis-hund.de\/?page_id=26"},"modified":"2020-03-22T10:04:27","modified_gmt":"2020-03-22T10:04:27","slug":"ueber-mich","status":"publish","type":"page","link":"https:\/\/buendnis-hund.de\/?page_id=26","title":{"rendered":"\u00dcber mich"},"content":{"rendered":"<p>&nbsp;<\/p>\n<p style=\"text-align: center;\">Mein Name ist Marion Freund-Babojelic und ich wohne mit meinem Mann,<br \/>\nunseren zwei Hunden \u201aDaju\u2018 und \u201aIsha\u2018 sowie unserem Vollblutaraber-Wallach \u201aSantiago\u2018<br \/>\nauf der sch\u00f6nen Ostbaar nahe der Kurstadt Bad D\u00fcrrheim,<br \/>\nin l\u00e4ndlicher Umgebung zwischen dem Schwarzwald und der Schw\u00e4bischen Alb.<\/p>\n<p>&nbsp;<\/p>\n<p><img loading=\"lazy\" decoding=\"async\" class=\" wp-image-479 aligncenter\" src=\"http:\/\/buendnis-hund.de\/wp-content\/uploads\/2020\/01\/IMG_0862-1-210x300.jpg\" alt=\"\" width=\"310\" height=\"442\" \/><\/p>\n<p>&nbsp;<\/p>\n<p style=\"text-align: center;\">Hunde begleiten mich schon mein ganzes\u00a0Leben und so wurde aus<br \/>\nder anf\u00e4nglichen Leidenschaft mit ihnen zu arbeiten \u2013 mittlerweile eine Berufung!<\/p>\n<p>&nbsp;<\/p>\n<p style=\"text-align: center;\">Schon seit dem Jahr 2003 bin ich Mitglied im Verein der Hundefreunde<br \/>\nDonaueschingen e.V. und betreibe dort seit 2005 mit meinen eigenen<br \/>\nHunden und auch als Trainerin begeistert Hundesport.<\/p>\n<p>&nbsp;<\/p>\n<p style=\"text-align: center;\">Viele Jahre bin ich selbst aktiv bei Turnieren im Agility, Turnierhundsport und<br \/>\nund Obedience gestartet und habe zahlreiche Teams in den unterschiedlichen<br \/>\nSportbereichen als Ausbildungswart und Trainer begleitet und betreut.<\/p>\n<p>&nbsp;<\/p>\n<p><img loading=\"lazy\" decoding=\"async\" class=\" wp-image-1879 aligncenter\" src=\"http:\/\/buendnis-hund.de\/wp-content\/uploads\/2020\/03\/Bilderreihe-Sport-\u00fcber-mich-300x129.png\" alt=\"\" width=\"683\" height=\"293\" srcset=\"https:\/\/buendnis-hund.de\/wp-content\/uploads\/2020\/03\/Bilderreihe-Sport-\u00fcber-mich-300x129.png 300w, https:\/\/buendnis-hund.de\/wp-content\/uploads\/2020\/03\/Bilderreihe-Sport-\u00fcber-mich-768x331.png 768w\" sizes=\"(max-width: 683px) 100vw, 683px\" \/><\/p>\n<p>&nbsp;<\/p>\n<p style=\"text-align: center;\">Mein Steckenpferd, das &#8218;Longieren mit dem Hund&#8216; lernte ich im Jahr 2008<br \/>\nkennen und lieben. Heute kann ich sagen, dass es eigentlich auch der Ansto\u00df<br \/>\nf\u00fcr meine heutige Arbeitsweise mit Hund und Mensch war.<\/p>\n<p>&nbsp;<\/p>\n<p style=\"text-align: center;\">Denn durch das Longieren er\u00f6ffnete sich mir noch einmal eine ganz andere Sicht<br \/>\nauf effektives und sinnvolles Training, um eine verst\u00e4ndliche, vertraute, verbindliche<br \/>\nund verl\u00e4ssliche Kommunikation zwischen Mensch und Hund herzustellen.<\/p>\n<p>&nbsp;<\/p>\n<p style=\"text-align: center;\">Zwar schon immer fasziniert vom Wesen &#8218;Hund&#8216; wollte ich ab diesem Zeitpunkt<br \/>\neinfach mehr erfahren und so eignete ich mir im Laufe der letzten Jahre<br \/>\nintensiv kynologisches und lernpsychologisches Wissen an.<\/p>\n<p>&nbsp;<\/p>\n<p style=\"text-align: center;\">Vielf\u00e4ltig interessiert besuchte ich verschiedene Vortr\u00e4ge und Workshops, zahlreiche<br \/>\ntheorie- und praxisbezogene Seminare sowie fachbezogene Fortbildungsveranstaltungen.<\/p>\n<p style=\"text-align: center;\">Dies blieb in meinem Umfeld nat\u00fcrlich nicht unentdeckt und durch vermehrte Anfragen<br \/>\nsowie das gro\u00dfe Interesse an zus\u00e4tzlichem Training sowie einer Unterst\u00fctzung besonders<br \/>\nim Alltagsbereich, entschloss ich mich nebenberuflich zur Gr\u00fcndung meiner Hundeschule.<\/p>\n<p>&nbsp;<\/p>\n<p style=\"text-align: center;\">Hier war es mir von Anfang an wichtig, Hundetraining mit Sachverstand<br \/>\nund auf Basis neuester wissenschaftlicher Erkenntnisse anzubieten.<br \/>\nSelbstverst\u00e4ndlich bilde ich mich regelm\u00e4\u00dfig bei anerkannten Fachseminaren weiter,<br \/>\num meine Kenntnisse stetig zu erweitern und fundiertes und vielseitiges Wissen<br \/>\nan meine Trainingsteilnehmer weiterzugeben.<\/p>\n<p>&nbsp;<\/p>\n<p style=\"text-align: center;\">Seit meiner Erteilung der Erlaubnispflicht f\u00fcr Hundetrainer gem\u00e4\u00df \u00a711 Abs. 1 Satz 1 Nr. 8f<br \/>\nTierSchG durch das zust\u00e4ndige Veterin\u00e4ramt im Jahr 2016 unterst\u00fctze ich<br \/>\ndie unterschiedlichsten Mensch-Hund-Teams individuell und ganzheitlich auf Ihrem<br \/>\ngemeinsamen Weg zu einem harmonischen und verst\u00e4ndlichen Miteinander!<\/p>\n<p>&nbsp;<\/p>\n<p><img loading=\"lazy\" decoding=\"async\" class=\" wp-image-2044 aligncenter\" src=\"http:\/\/buendnis-hund.de\/wp-content\/uploads\/2020\/03\/Bild-Zertifizierung-1.png\" alt=\"\" width=\"139\" height=\"139\" srcset=\"https:\/\/buendnis-hund.de\/wp-content\/uploads\/2020\/03\/Bild-Zertifizierung-1.png 161w, https:\/\/buendnis-hund.de\/wp-content\/uploads\/2020\/03\/Bild-Zertifizierung-1-150x150.png 150w, https:\/\/buendnis-hund.de\/wp-content\/uploads\/2020\/03\/Bild-Zertifizierung-1-75x75.png 75w\" sizes=\"(max-width: 139px) 100vw, 139px\" \/><\/p>\n<p>&nbsp;<\/p>\n<p style=\"text-align: center;\">_____________________________________________________________________________<\/p>\n<p>&nbsp;<\/p>\n","protected":false},"excerpt":{"rendered":"<p>&nbsp; Mein Name ist Marion Freund-Babojelic und ich wohne mit meinem Mann, unseren zwei Hunden \u201aDaju\u2018 und \u201aIsha\u2018 sowie unserem Vollblutaraber-Wallach \u201aSantiago\u2018 auf der sch\u00f6nen Ostbaar nahe der Kurstadt Bad D\u00fcrrheim, in l\u00e4ndlicher Umgebung zwischen dem Schwarzwald und der Schw\u00e4bischen Alb. &nbsp; &nbsp; Hunde begleiten mich schon mein ganzes\u00a0Leben und so wurde aus der anf\u00e4nglichen Leidenschaft mit ihnen zu arbeiten \u2013 mittlerweile eine Berufung! &nbsp; Schon seit dem Jahr 2003 bin ich Mitglied im Verein der Hundefreunde Donaueschingen e.V. und betreibe dort seit 2005 mit meinen eigenen Hunden und auch als Trainerin begeistert Hundesport. &nbsp; Viele Jahre bin ich selbst aktiv bei Turnieren im Agility, Turnierhundsport und und Obedience gestartet und habe zahlreiche Teams in den unterschiedlichen Sportbereichen als Ausbildungswart und Trainer begleitet und betreut. &nbsp; &nbsp; Mein Steckenpferd, das &#8218;Longieren mit dem Hund&#8216; lernte ich im Jahr 2008 kennen und lieben. Heute kann ich sagen, dass es eigentlich auch der Ansto\u00df f\u00fcr meine heutige Arbeitsweise mit Hund und Mensch war. &nbsp; Denn durch das Longieren er\u00f6ffnete sich mir noch einmal eine ganz andere Sicht auf effektives und sinnvolles Training, um eine verst\u00e4ndliche, vertraute, verbindliche und verl\u00e4ssliche Kommunikation zwischen Mensch und Hund herzustellen. &nbsp; Zwar schon immer fasziniert vom Wesen &#8218;Hund&#8216; wollte ich ab diesem Zeitpunkt einfach mehr erfahren und so eignete ich mir im Laufe der letzten Jahre intensiv kynologisches und lernpsychologisches Wissen an. &nbsp; Vielf\u00e4ltig interessiert besuchte ich verschiedene Vortr\u00e4ge und Workshops, zahlreiche theorie- und praxisbezogene Seminare sowie fachbezogene Fortbildungsveranstaltungen. Dies blieb in meinem Umfeld nat\u00fcrlich nicht unentdeckt und durch vermehrte Anfragen sowie das gro\u00dfe Interesse an zus\u00e4tzlichem Training sowie einer Unterst\u00fctzung besonders im Alltagsbereich, entschloss ich mich nebenberuflich zur Gr\u00fcndung meiner Hundeschule. &nbsp; Hier war es mir von Anfang an wichtig, Hundetraining mit Sachverstand und auf Basis neuester wissenschaftlicher Erkenntnisse anzubieten. Selbstverst\u00e4ndlich bilde ich mich regelm\u00e4\u00dfig bei anerkannten Fachseminaren weiter, um meine Kenntnisse stetig zu erweitern und fundiertes und vielseitiges Wissen an meine Trainingsteilnehmer weiterzugeben. &nbsp; Seit meiner Erteilung der Erlaubnispflicht f\u00fcr Hundetrainer gem\u00e4\u00df \u00a711 Abs. 1 Satz 1 Nr. 8f TierSchG durch das zust\u00e4ndige Veterin\u00e4ramt im Jahr 2016 unterst\u00fctze ich die unterschiedlichsten Mensch-Hund-Teams individuell und ganzheitlich auf Ihrem gemeinsamen Weg zu einem harmonischen und verst\u00e4ndlichen Miteinander! &nbsp; &nbsp; _____________________________________________________________________________ &nbsp;<\/p>\n","protected":false},"author":1,"featured_media":0,"parent":0,"menu_order":0,"comment_status":"closed","ping_status":"closed","template":"","meta":{"footnotes":""},"yoast_head":"<!-- This site is optimized with the Yoast SEO plugin v21.9.1 - https:\/\/yoast.com\/wordpress\/plugins\/seo\/ -->\n<title>\u00dcber mich - B\u00fcndnis Hund<\/title>\n<meta name=\"robots\" content=\"index, follow, max-snippet:-1, max-image-preview:large, max-video-preview:-1\" \/>\n<link rel=\"canonical\" href=\"https:\/\/buendnis-hund.de\/?page_id=26\" \/>\n<meta property=\"og:locale\" content=\"de_DE\" \/>\n<meta property=\"og:type\" content=\"article\" \/>\n<meta property=\"og:title\" content=\"\u00dcber mich - B\u00fcndnis Hund\" \/>\n<meta property=\"og:description\" content=\"&nbsp; Mein Name ist Marion Freund-Babojelic und ich wohne mit meinem Mann, unseren zwei Hunden \u201aDaju\u2018 und \u201aIsha\u2018 sowie unserem Vollblutaraber-Wallach \u201aSantiago\u2018 auf der sch\u00f6nen Ostbaar nahe der Kurstadt Bad D\u00fcrrheim, in l\u00e4ndlicher Umgebung zwischen dem Schwarzwald und der Schw\u00e4bischen Alb. &nbsp; &nbsp; Hunde begleiten mich schon mein ganzes\u00a0Leben und so wurde aus der anf\u00e4nglichen Leidenschaft mit ihnen zu arbeiten \u2013 mittlerweile eine Berufung! &nbsp; Schon seit dem Jahr 2003 bin ich Mitglied im Verein der Hundefreunde Donaueschingen e.V. und betreibe dort seit 2005 mit meinen eigenen Hunden und auch als Trainerin begeistert Hundesport. &nbsp; Viele Jahre bin ich selbst aktiv bei Turnieren im Agility, Turnierhundsport und und Obedience gestartet und habe zahlreiche Teams in den unterschiedlichen Sportbereichen als Ausbildungswart und Trainer begleitet und betreut. &nbsp; &nbsp; Mein Steckenpferd, das &#8218;Longieren mit dem Hund&#8216; lernte ich im Jahr 2008 kennen und lieben. Heute kann ich sagen, dass es eigentlich auch der Ansto\u00df f\u00fcr meine heutige Arbeitsweise mit Hund und Mensch war. &nbsp; Denn durch das Longieren er\u00f6ffnete sich mir noch einmal eine ganz andere Sicht auf effektives und sinnvolles Training, um eine verst\u00e4ndliche, vertraute, verbindliche und verl\u00e4ssliche Kommunikation zwischen Mensch und Hund herzustellen. &nbsp; Zwar schon immer fasziniert vom Wesen &#8218;Hund&#8216; wollte ich ab diesem Zeitpunkt einfach mehr erfahren und so eignete ich mir im Laufe der letzten Jahre intensiv kynologisches und lernpsychologisches Wissen an. &nbsp; Vielf\u00e4ltig interessiert besuchte ich verschiedene Vortr\u00e4ge und Workshops, zahlreiche theorie- und praxisbezogene Seminare sowie fachbezogene Fortbildungsveranstaltungen. Dies blieb in meinem Umfeld nat\u00fcrlich nicht unentdeckt und durch vermehrte Anfragen sowie das gro\u00dfe Interesse an zus\u00e4tzlichem Training sowie einer Unterst\u00fctzung besonders im Alltagsbereich, entschloss ich mich nebenberuflich zur Gr\u00fcndung meiner Hundeschule. &nbsp; Hier war es mir von Anfang an wichtig, Hundetraining mit Sachverstand und auf Basis neuester wissenschaftlicher Erkenntnisse anzubieten. Selbstverst\u00e4ndlich bilde ich mich regelm\u00e4\u00dfig bei anerkannten Fachseminaren weiter, um meine Kenntnisse stetig zu erweitern und fundiertes und vielseitiges Wissen an meine Trainingsteilnehmer weiterzugeben. &nbsp; Seit meiner Erteilung der Erlaubnispflicht f\u00fcr Hundetrainer gem\u00e4\u00df \u00a711 Abs. 1 Satz 1 Nr. 8f TierSchG durch das zust\u00e4ndige Veterin\u00e4ramt im Jahr 2016 unterst\u00fctze ich die unterschiedlichsten Mensch-Hund-Teams individuell und ganzheitlich auf Ihrem gemeinsamen Weg zu einem harmonischen und verst\u00e4ndlichen Miteinander! &nbsp; &nbsp; _____________________________________________________________________________ &nbsp;\" \/>\n<meta property=\"og:url\" content=\"https:\/\/buendnis-hund.de\/?page_id=26\" \/>\n<meta property=\"og:site_name\" content=\"B\u00fcndnis Hund\" \/>\n<meta property=\"article:modified_time\" content=\"2020-03-22T10:04:27+00:00\" \/>\n<meta property=\"og:image\" content=\"http:\/\/buendnis-hund.de\/wp-content\/uploads\/2020\/01\/IMG_0862-1-210x300.jpg\" \/>\n<meta name=\"twitter:card\" content=\"summary_large_image\" \/>\n<meta name=\"twitter:label1\" content=\"Gesch\u00e4tzte Lesezeit\" \/>\n\t<meta name=\"twitter:data1\" content=\"2\u00a0Minuten\" \/>\n<script type=\"application\/ld+json\" class=\"yoast-schema-graph\">{\"@context\":\"https:\/\/schema.org\",\"@graph\":[{\"@type\":\"WebPage\",\"@id\":\"https:\/\/buendnis-hund.de\/?page_id=26\",\"url\":\"https:\/\/buendnis-hund.de\/?page_id=26\",\"name\":\"\u00dcber mich - B\u00fcndnis Hund\",\"isPartOf\":{\"@id\":\"https:\/\/buendnis-hund.de\/#website\"},\"datePublished\":\"2020-01-11T20:02:09+00:00\",\"dateModified\":\"2020-03-22T10:04:27+00:00\",\"breadcrumb\":{\"@id\":\"https:\/\/buendnis-hund.de\/?page_id=26#breadcrumb\"},\"inLanguage\":\"de\",\"potentialAction\":[{\"@type\":\"ReadAction\",\"target\":[\"https:\/\/buendnis-hund.de\/?page_id=26\"]}]},{\"@type\":\"BreadcrumbList\",\"@id\":\"https:\/\/buendnis-hund.de\/?page_id=26#breadcrumb\",\"itemListElement\":[{\"@type\":\"ListItem\",\"position\":1,\"name\":\"Startseite\",\"item\":\"https:\/\/buendnis-hund.de\/\"},{\"@type\":\"ListItem\",\"position\":2,\"name\":\"\u00dcber mich\"}]},{\"@type\":\"WebSite\",\"@id\":\"https:\/\/buendnis-hund.de\/#website\",\"url\":\"https:\/\/buendnis-hund.de\/\",\"name\":\"B\u00fcndnis Hund\",\"description\":\"\",\"potentialAction\":[{\"@type\":\"SearchAction\",\"target\":{\"@type\":\"EntryPoint\",\"urlTemplate\":\"https:\/\/buendnis-hund.de\/?s={search_term_string}\"},\"query-input\":\"required name=search_term_string\"}],\"inLanguage\":\"de\"}]}<\/script>\n<!-- \/ Yoast SEO plugin. -->","yoast_head_json":{"title":"\u00dcber mich - B\u00fcndnis Hund","robots":{"index":"index","follow":"follow","max-snippet":"max-snippet:-1","max-image-preview":"max-image-preview:large","max-video-preview":"max-video-preview:-1"},"canonical":"https:\/\/buendnis-hund.de\/?page_id=26","og_locale":"de_DE","og_type":"article","og_title":"\u00dcber mich - B\u00fcndnis Hund","og_description":"&nbsp; Mein Name ist Marion Freund-Babojelic und ich wohne mit meinem Mann, unseren zwei Hunden \u201aDaju\u2018 und \u201aIsha\u2018 sowie unserem Vollblutaraber-Wallach \u201aSantiago\u2018 auf der sch\u00f6nen Ostbaar nahe der Kurstadt Bad D\u00fcrrheim, in l\u00e4ndlicher Umgebung zwischen dem Schwarzwald und der Schw\u00e4bischen Alb. &nbsp; &nbsp; Hunde begleiten mich schon mein ganzes\u00a0Leben und so wurde aus der anf\u00e4nglichen Leidenschaft mit ihnen zu arbeiten \u2013 mittlerweile eine Berufung! &nbsp; Schon seit dem Jahr 2003 bin ich Mitglied im Verein der Hundefreunde Donaueschingen e.V. und betreibe dort seit 2005 mit meinen eigenen Hunden und auch als Trainerin begeistert Hundesport. &nbsp; Viele Jahre bin ich selbst aktiv bei Turnieren im Agility, Turnierhundsport und und Obedience gestartet und habe zahlreiche Teams in den unterschiedlichen Sportbereichen als Ausbildungswart und Trainer begleitet und betreut. &nbsp; &nbsp; Mein Steckenpferd, das &#8218;Longieren mit dem Hund&#8216; lernte ich im Jahr 2008 kennen und lieben. Heute kann ich sagen, dass es eigentlich auch der Ansto\u00df f\u00fcr meine heutige Arbeitsweise mit Hund und Mensch war. &nbsp; Denn durch das Longieren er\u00f6ffnete sich mir noch einmal eine ganz andere Sicht auf effektives und sinnvolles Training, um eine verst\u00e4ndliche, vertraute, verbindliche und verl\u00e4ssliche Kommunikation zwischen Mensch und Hund herzustellen. &nbsp; Zwar schon immer fasziniert vom Wesen &#8218;Hund&#8216; wollte ich ab diesem Zeitpunkt einfach mehr erfahren und so eignete ich mir im Laufe der letzten Jahre intensiv kynologisches und lernpsychologisches Wissen an. &nbsp; Vielf\u00e4ltig interessiert besuchte ich verschiedene Vortr\u00e4ge und Workshops, zahlreiche theorie- und praxisbezogene Seminare sowie fachbezogene Fortbildungsveranstaltungen. Dies blieb in meinem Umfeld nat\u00fcrlich nicht unentdeckt und durch vermehrte Anfragen sowie das gro\u00dfe Interesse an zus\u00e4tzlichem Training sowie einer Unterst\u00fctzung besonders im Alltagsbereich, entschloss ich mich nebenberuflich zur Gr\u00fcndung meiner Hundeschule. &nbsp; Hier war es mir von Anfang an wichtig, Hundetraining mit Sachverstand und auf Basis neuester wissenschaftlicher Erkenntnisse anzubieten. Selbstverst\u00e4ndlich bilde ich mich regelm\u00e4\u00dfig bei anerkannten Fachseminaren weiter, um meine Kenntnisse stetig zu erweitern und fundiertes und vielseitiges Wissen an meine Trainingsteilnehmer weiterzugeben. &nbsp; Seit meiner Erteilung der Erlaubnispflicht f\u00fcr Hundetrainer gem\u00e4\u00df \u00a711 Abs. 1 Satz 1 Nr. 8f TierSchG durch das zust\u00e4ndige Veterin\u00e4ramt im Jahr 2016 unterst\u00fctze ich die unterschiedlichsten Mensch-Hund-Teams individuell und ganzheitlich auf Ihrem gemeinsamen Weg zu einem harmonischen und verst\u00e4ndlichen Miteinander! &nbsp; &nbsp; _____________________________________________________________________________ &nbsp;","og_url":"https:\/\/buendnis-hund.de\/?page_id=26","og_site_name":"B\u00fcndnis Hund","article_modified_time":"2020-03-22T10:04:27+00:00","og_image":[{"url":"http:\/\/buendnis-hund.de\/wp-content\/uploads\/2020\/01\/IMG_0862-1-210x300.jpg"}],"twitter_card":"summary_large_image","twitter_misc":{"Gesch\u00e4tzte Lesezeit":"2\u00a0Minuten"},"schema":{"@context":"https:\/\/schema.org","@graph":[{"@type":"WebPage","@id":"https:\/\/buendnis-hund.de\/?page_id=26","url":"https:\/\/buendnis-hund.de\/?page_id=26","name":"\u00dcber mich - B\u00fcndnis Hund","isPartOf":{"@id":"https:\/\/buendnis-hund.de\/#website"},"datePublished":"2020-01-11T20:02:09+00:00","dateModified":"2020-03-22T10:04:27+00:00","breadcrumb":{"@id":"https:\/\/buendnis-hund.de\/?page_id=26#breadcrumb"},"inLanguage":"de","potentialAction":[{"@type":"ReadAction","target":["https:\/\/buendnis-hund.de\/?page_id=26"]}]},{"@type":"BreadcrumbList","@id":"https:\/\/buendnis-hund.de\/?page_id=26#breadcrumb","itemListElement":[{"@type":"ListItem","position":1,"name":"Startseite","item":"https:\/\/buendnis-hund.de\/"},{"@type":"ListItem","position":2,"name":"\u00dcber mich"}]},{"@type":"WebSite","@id":"https:\/\/buendnis-hund.de\/#website","url":"https:\/\/buendnis-hund.de\/","name":"B\u00fcndnis Hund","description":"","potentialAction":[{"@type":"SearchAction","target":{"@type":"EntryPoint","urlTemplate":"https:\/\/buendnis-hund.de\/?s={search_term_string}"},"query-input":"required name=search_term_string"}],"inLanguage":"de"}]}},"acf":[],"_links":{"self":[{"href":"https:\/\/buendnis-hund.de\/index.php?rest_route=\/wp\/v2\/pages\/26"}],"collection":[{"href":"https:\/\/buendnis-hund.de\/index.php?rest_route=\/wp\/v2\/pages"}],"about":[{"href":"https:\/\/buendnis-hund.de\/index.php?rest_route=\/wp\/v2\/types\/page"}],"author":[{"embeddable":true,"href":"https:\/\/buendnis-hund.de\/index.php?rest_route=\/wp\/v2\/users\/1"}],"replies":[{"embeddable":true,"href":"https:\/\/buendnis-hund.de\/index.php?rest_route=%2Fwp%2Fv2%2Fcomments&post=26"}],"version-history":[{"count":79,"href":"https:\/\/buendnis-hund.de\/index.php?rest_route=\/wp\/v2\/pages\/26\/revisions"}],"predecessor-version":[{"id":2045,"href":"https:\/\/buendnis-hund.de\/index.php?rest_route=\/wp\/v2\/pages\/26\/revisions\/2045"}],"wp:attachment":[{"href":"https:\/\/buendnis-hund.de\/index.php?rest_route=%2Fwp%2Fv2%2Fmedia&parent=26"}],"curies":[{"name":"wp","href":"https:\/\/api.w.org\/{rel}","templated":true}]}}